{"id":6055,"date":"2021-09-09T10:11:52","date_gmt":"2021-09-09T02:11:52","guid":{"rendered":"https:\/\/psplastictech.com\/?page_id=6055"},"modified":"2025-08-02T19:48:46","modified_gmt":"2025-08-02T11:48:46","slug":"about-us","status":"publish","type":"page","link":"https:\/\/psplastictech.com\/es\/about-us\/","title":{"rendered":"Qui\u00e9nes somos"},"content":{"rendered":"<div class=\"container\">\n<section class=\"index_company_intr\">\n<div class=\"index_bd\">\n<div class=\"layout flex_row\">\n<div class=\"company_intr_img wow fadeInLeftA\" style=\"visibility: visible; animation-delay: 0.1s; animation-name: fadeInLeftA;\" data-wow-delay=\".1s\">\n <a class=\"intr_img_item\" href=\"\" style=\"background-image: url(https:\/\/psplastictech.com\/wp-content\/uploads\/2025\/04\/62d91d78b9a54.jpg)\"><\/a>  <a class=\"intr_img_item\" href=\"\" style=\"background-image: url(https:\/\/psplastictech.com\/wp-content\/uploads\/2025\/04\/62d91d62588cf.jpg)\"><\/a>\n<\/div>\n<div class=\"company_intr_bd wow fadeInRightA\" style=\"visibility: visible; animation-delay: 0.1s; animation-name: fadeInRightA;\" data-wow-delay=\".1s\">\n<div class=\"company_intr_cont\">\n<div class=\"company_intr_title\">\n<h2>ACERCA DE<\/h2>\n<h4>LangFang Pinsheng Plastic Tech Co., LTD<\/h4>\n<\/div>\n<div class=\"company_intr_desc\">Somos un fabricante l\u00edder especializado en el dise\u00f1o, producci\u00f3n, venta e instalaci\u00f3n de cortinas aislantes para puertas de primera calidad. Con tecnolog\u00eda avanzada y materiales de alta calidad, ofrecemos soluciones duraderas, elegantes y energ\u00e9ticamente eficientes para aplicaciones comerciales e industriales en todo el mundo. En Pinsheng, nuestro principio b\u00e1sico es \u201cLa calidad es lo primero, el cliente es lo primero\u201d. Con un estricto control de calidad, precios competitivos y un servicio postventa fiable, nos hemos ganado la confianza de clientes de todo el mundo.<\/div>\n<div class=\"learn_more\"><a href=\"\/es\/about.html\/\">LEER M\u00c1S<\/a><\/div>\n<\/div>\n<\/div>\n<\/div>\n<\/div>\n<\/section>\n<section class=\"home-modular-17 py-5 modular_display_1\" style=\"background: url('https:\/\/psplastictech.com\/wp-content\/uploads\/2025\/05\/158493030470033ov6h-1.jpg') no-repeat center;\">\n<div class=\"container\">\n<div class=\"modular17-box text-center py-md-5 py-3\">\n<h3>\u00bfPor qu\u00e9 elegirnos?<\/h3>\n<div class=\"modular17-desc ey_smly\">\n<div class=\"rows input_rows\">Materiales de primera calidad<\/div>\n<div class=\"rows input_rows\">\u2705 Dise\u00f1o innovador<\/div>\n<div class=\"rows input_rows\">Soluciones a medida<\/div>\n<div class=\"rows input_rows\">Amplias aplicaciones<\/div>\n<\/div>\n<p><a class=\"btn btn-style transparent-btn mt-sm-5 mt-4 mr-2\" href=\"\/es\/contect-us\/\" target=\"_blank\" rel=\"nofollow noopener\">Ver m\u00e1s<\/a><\/p>\n<\/div>\n<\/div>\n<\/section>\n<p><!--\n\n\n\n<section class=\"article_cell flex_row\" >\n\n\n<h2 class=\"cell_hd\">Our Advantages<\/h2>\n\n\n\n\n<div class=\"cell_bd wow fadeInUpA\" style=\"visibility: visible; animation-name: fadeInUpA;\">\n\n\n<h4 class=\"cell_tit\">Processing, Customization, and process<\/h4>\n\n\n\n\n<div style=\"padding-bottom:30px;\">\n\ud83d\udd39 Energy-Efficient \u2013 Reduces energy costs by replacing air curtains and complementing HVAC systems.\n\ud83d\udd39 Eco-Friendly &amp; Durable \u2013 Long-lasting performance with low maintenance.\n\ud83d\udd39 OEM\/ODM Support \u2013 Custom sizes, colors, and functions to meet global demands.\n\ud83d\udd39 One-Stop Service \u2013 From wholesale, retail, to customized processing &amp; installation.<\/div>\n\n\n\n\n<div><a class=\"sys_btn\" href=\"https:\/\/psplastictech.com\/?page_id=6055\">READ MORE<\/a><\/div>\n\n\n<\/div>\n\n\n<\/section>\n\n--><\/p>\n<section class=\"index_advantage\">\n<div class=\"index_bd\">\n<div class=\"layout flex_row\">\n<div class=\"col_hd\">\n<div class=\"advantage_tabs\"><a class=\"tabs_item wow fadeInA\" style=\"visibility: visible; animation-delay: 0.1s; animation-name: fadeInA;\" data-wow-delay=\".1s\">A\u00f1os de experiencia<\/a> <a class=\"tabs_item wow fadeInA\" style=\"visibility: visible; animation-delay: 0.2s; animation-name: fadeInA;\" data-wow-delay=\".2s\">Estricto control de calidad<\/a> <a class=\"tabs_item wow fadeInA\" style=\"visibility: visible; animation-delay: 0.3s; animation-name: fadeInA;\" data-wow-delay=\".3s\">Buena selecci\u00f3n<\/a> <a class=\"tabs_item wow fadeInA\" style=\"visibility: visible; animation-delay: 0.4s; animation-name: fadeInA;\" data-wow-delay=\".4s\">Ampliamente utilizado<\/a><\/div>\n<\/div>\n<div class=\"col_bd wow fadeInUpA\" style=\"visibility: visible; animation-name: fadeInUpA;\">\n<section class=\"article_cell flex_row\">\n<h2 class=\"cell_hd\">Nuestra ventaja<\/h2>\n<div class=\"cell_bd\">\n<h4 class=\"cell_tit\">Tratamiento, personalizaci\u00f3n y proceso<\/h4>\n<p class=\"cell_desc\">Ofrecemos soluciones de cortinas personalizadas, ecol\u00f3gicas y energ\u00e9ticamente eficientes, con soporte OEM\/ODM y servicios integrales de venta al por mayor, venta al por menor e instalaci\u00f3n.<a href=\"\/es\/contact.html\/\">- P\u00f3ngase en contacto con<\/a><\/p>\n<\/div>\n<\/section>\n<div class=\"advantage_img\">\n<div class=\"img_items\">\n<figure class=\"img_item\"><img decoding=\"async\" src=\"https:\/\/psplastictech.com\/wp-content\/uploads\/2025\/04\/1-231120163I4a0.jpg\" alt=\"Fan maintenance\" \/><\/figure>\n<\/div>\n<\/div>\n<\/div>\n<\/div>\n<\/div>\n<\/section>\n<section class=\"index_ad\">\n<div class=\"layout\">\n<ul class=\"ad_items flex_row\">\n<li class=\"ad_item\">\n<figure><span class=\"item_img\"><img decoding=\"async\" src=\"https:\/\/psplastictech.com\/wp-content\/uploads\/2025\/04\/ad_ico_01.png\" alt=\"24 hours after sale\" \/><\/span><figcaption>\n<h3 class=\"item_title\">24 horas despu\u00e9s de la venta<\/h3>\n<div class=\"item_desc\">La empresa cuenta con un s\u00f3lido sistema de servicio postventa, 24 horas de servicio al cliente en l\u00ednea en cualquier momento para responder, para que usted se preocupe de post-venta.<\/div>\n<\/figcaption><\/figure>\n<\/li>\n<li class=\"ad_item\">\n<figure><span class=\"item_img\"><img decoding=\"async\" src=\"https:\/\/psplastictech.com\/wp-content\/uploads\/2025\/04\/ad_ico_02.png\" alt=\"Complete category\" \/><\/span><figcaption>\n<h3 class=\"item_title\">Categor\u00eda completa<\/h3>\n<div class=\"item_desc\">Los productos Gangting se utilizan ampliamente en zonas residenciales, propiedades, inmuebles, instalaciones de transporte, escuelas, centros comerciales, calles, hoteles, aparcamientos y otros lugares.<\/div>\n<\/figcaption><\/figure>\n<\/li>\n<li class=\"ad_item\">\n<figure><span class=\"item_img\"><img decoding=\"async\" src=\"https:\/\/psplastictech.com\/wp-content\/uploads\/2025\/04\/ad_ico_03.png\" alt=\"Fast delivery\" \/><\/span><figcaption>\n<h3 class=\"item_title\">Entrega r\u00e1pida<\/h3>\n<div class=\"item_desc\">La empresa comprueba la calidad de los productos desde el origen, y el proceso de producci\u00f3n de los productos Gangting puede inspeccionarse antes de salir de la f\u00e1brica.<\/div>\n<\/figcaption><\/figure>\n<\/li>\n<\/ul>\n<\/div>\n<\/section>\n<\/div>","protected":false},"excerpt":{"rendered":"<p>ABOUT LangFang Pinsheng Plastic Tech Co., LTD We are a leading manufacturer specializing in the design, production, sales, and installation of premium insulated door curtains. With advanced technology and high-quality materials, we provide durable, stylish, and energy-efficient solutions for commercial and industrial applications worldwide. At Pinsheng , we uphold &#8220;Quality First, Customer Supreme&#8221; as our [&hellip;]<\/p>\n","protected":false},"author":1,"featured_media":0,"parent":0,"menu_order":0,"comment_status":"closed","ping_status":"closed","template":"","meta":{"footnotes":""},"class_list":["post-6055","page","type-page","status-publish","hentry"],"_links":{"self":[{"href":"https:\/\/psplastictech.com\/es\/wp-json\/wp\/v2\/pages\/6055","targetHints":{"allow":["GET"]}}],"collection":[{"href":"https:\/\/psplastictech.com\/es\/wp-json\/wp\/v2\/pages"}],"about":[{"href":"https:\/\/psplastictech.com\/es\/wp-json\/wp\/v2\/types\/page"}],"author":[{"embeddable":true,"href":"https:\/\/psplastictech.com\/es\/wp-json\/wp\/v2\/users\/1"}],"replies":[{"embeddable":true,"href":"https:\/\/psplastictech.com\/es\/wp-json\/wp\/v2\/comments?post=6055"}],"version-history":[{"count":5,"href":"https:\/\/psplastictech.com\/es\/wp-json\/wp\/v2\/pages\/6055\/revisions"}],"predecessor-version":[{"id":18840,"href":"https:\/\/psplastictech.com\/es\/wp-json\/wp\/v2\/pages\/6055\/revisions\/18840"}],"wp:attachment":[{"href":"https:\/\/psplastictech.com\/es\/wp-json\/wp\/v2\/media?parent=6055"}],"curies":[{"name":"wp","href":"https:\/\/api.w.org\/{rel}","templated":true}]}}